{"id":577,"date":"2019-01-08T11:57:56","date_gmt":"2019-01-08T09:57:56","guid":{"rendered":"http:\/\/davas.site\/auroralcrown?page_id=577"},"modified":"2019-01-24T10:06:13","modified_gmt":"2019-01-24T08:06:13","slug":"esimerkkisivu","status":"publish","type":"page","link":"https:\/\/www.auroralcrown.fi\/de\/","title":{"rendered":"Nordlichter &#8211; Rentierprogramme"},"content":{"rendered":"<p>Neuer Luxus<\/p>\n<p>Erleben Sie das magische Farbenspiel\u00a0der Nordlichter auf einer echten Rentierfarm<\/p>\n<p>Auroral Crown ist ein Dienstleistungsunternehmen im Dorf Oivanki in Kuusamo, das sich auf Aktivit\u00e4ten rund um die Nordlichter und Rentiere spezialisiert hat. In der Nordlichth\u00fctte Pohjan Kruunu organisieren wir f\u00fcr Gruppen Vortr\u00e4ge \u00fcber die Nordlichter (Buchung im Voraus).<br \/>\nWir m\u00f6chten individuelle und pers\u00f6nliche gehobene service anbieten.\u00a0<\/p>\n<p>Dienstleistungen<\/p>\n<p>Kontakt<\/p>\n<p><!-- {\"name\":\"\",\"type\":\"layout\",\"children\":[{\"name\":\"\",\"type\":\"section\",\"props\":{\"style\":\"default\",\"width\":\"default\",\"vertical_align\":\"middle\",\"title_position\":\"top-left\",\"title_rotation\":\"left\",\"title_breakpoint\":\"xl\",\"image_position\":\"center-center\",\"text_color\":\"\",\"width_expand\":\"\",\"height\":\"full\",\"padding\":\"\",\"header_transparent\":\"light\",\"animation\":\"fade\",\"image\":\"wp-content\\\/uploads\\\/2019\\\/01\\\/auroralcrown-northernlights.jpg\",\"image_size\":\"cover\",\"image_effect\":\"fixed\",\"image_visibility\":\"\",\"media_blend_mode\":\"\",\"image_parallax_breakpoint\":\"\"},\"children\":[{\"name\":\"\",\"type\":\"row\",\"props\":{\"layout\":\"1-1\",\"breakpoint\":\"m\",\"fixed_width\":\"large\",\"gutter\":\"\",\"width\":\"\",\"width_expand\":\"\",\"height\":\"\",\"margin\":\"\"},\"children\":[{\"name\":\"\",\"type\":\"column\",\"props\":{\"widths\":[\"1-1\"],\"image_position\":\"center-center\",\"media_overlay_gradient\":\"\",\"vertical_align\":\"\",\"style\":\"\",\"text_color\":\"\",\"padding\":\"\"},\"children\":[{\"name\":\"\",\"type\":\"headline\",\"props\":{\"title_element\":\"h4\",\"title_style\":\"heading-hero\",\"title_decoration\":\"\",\"title_color\":\"\",\"text_align\":\"center\",\"text_align_breakpoint\":\"\",\"text_align_fallback\":\"\",\"maxwidth\":\"xxlarge\",\"maxwidth_align\":\"center\",\"maxwidth_breakpoint\":\"\",\"margin\":\"\",\"animation\":\"\",\"visibility\":\"\",\"content\":\"\n\n<p>Neuer Luxus<\\\/p>\"}},{\"name\":\"\",\"type\":\"headline\",\"props\":{\"title_element\":\"h1\",\"title_style\":\"h3\",\"title_decoration\":\"\",\"title_color\":\"\",\"text_align\":\"center\",\"text_align_breakpoint\":\"\",\"text_align_fallback\":\"\",\"maxwidth\":\"xxlarge\",\"maxwidth_align\":\"center\",\"maxwidth_breakpoint\":\"\",\"margin\":\"\",\"animation\":\"\",\"visibility\":\"\",\"content\":\"\n\n<p class=\\\"p1\\\"><span class=\\\"s1\\\">Erleben Sie das magische Farbenspiel\\u00a0<\\\/span><span class=\\\"s1\\\">der Nordlichter auf einer echten Rentierfarm<\\\/span><\\\/p>\"}},{\"name\":\"\",\"type\":\"text\",\"props\":{\"margin\":\"default\",\"column_breakpoint\":\"m\",\"text_style\":\"\",\"text_color\":\"\",\"text_size\":\"large\",\"column\":\"\",\"text_align\":\"center\",\"text_align_breakpoint\":\"\",\"text_align_fallback\":\"\",\"maxwidth\":\"xlarge\",\"maxwidth_align\":\"center\",\"maxwidth_breakpoint\":\"\",\"animation\":\"\",\"visibility\":\"\",\"content\":\"\n\n<p>Auroral Crown ist ein Dienstleistungsunternehmen im Dorf Oivanki in Kuusamo, das sich auf Aktivit\\u00e4ten rund um die Nordlichter und Rentiere spezialisiert hat. <br \\\/>In der Nordlichth\\u00fctte Pohjan Kruunu organisieren wir f\\u00fcr Gruppen Vortr\\u00e4ge \\u00fcber die Nordlichter (Buchung im Voraus).<\\\/p>\\n\n\n<p>Wir m\\u00f6chten individuelle und pers\\u00f6nliche gehobene service anbieten.\\u00a0<\\\/p>\"}},{\"name\":\"\",\"type\":\"button\",\"props\":{\"gutter\":\"small\",\"margin\":\"default\",\"button_size\":\"\",\"text_align\":\"center\",\"text_align_breakpoint\":\"\",\"text_align_fallback\":\"\",\"maxwidth\":\"\",\"maxwidth_align\":\"\",\"maxwidth_breakpoint\":\"\",\"animation\":\"\",\"visibility\":\"\"},\"children\":[{\"name\":\"\",\"type\":\"button_item\",\"props\":{\"button_style\":\"primary\",\"icon_align\":\"left\",\"link_target\":\"\",\"content\":\"Dienstleistungen\",\"link\":\"de\\\/dienstleistungen\\\/\"}},{\"name\":\"\",\"type\":\"button_item\",\"props\":{\"button_style\":\"primary\",\"icon_align\":\"left\",\"link_target\":\"\",\"content\":\"Kontakt\",\"link\":\"de\\\/kontakt\\\/\"}}]}]}]}]}]} --><\/p>\n","protected":false},"excerpt":{"rendered":"<p>Neuer Luxus Erleben Sie das magische Farbenspiel\u00a0der Nordlichter auf einer echten Rentierfarm Auroral Crown ist ein Dienstleistungsunternehmen im Dorf Oivanki in Kuusamo, das sich auf Aktivit\u00e4ten rund um die Nordlichter und Rentiere spezialisiert hat. In der Nordlichth\u00fctte Pohjan Kruunu organisieren wir f\u00fcr Gruppen Vortr\u00e4ge \u00fcber die Nordlichter (Buchung im Voraus). Wir m\u00f6chten individuelle und pers\u00f6nliche [&hellip;]<\/p>\n","protected":false},"author":1,"featured_media":372,"parent":0,"menu_order":0,"comment_status":"closed","ping_status":"open","template":"","meta":{"footnotes":""},"class_list":["post-577","page","type-page","status-publish","has-post-thumbnail","hentry"],"yoast_head":"<!-- This site is optimized with the Yoast SEO plugin v27.1.1 - https:\/\/yoast.com\/product\/yoast-seo-wordpress\/ -->\n<title>Nordlichter - Rentierprogramme - Auroral Crown, Ruka-Kuusamo, Finnland<\/title>\n<meta name=\"description\" content=\"Auroral Crown ist ein Dienstleistungsunternehmen im Kuusamo, das sich auf Aktivit\u00e4ten rund um die Nordlichter und Rentiere spezialisiert hat.\" \/>\n<meta name=\"robots\" content=\"index, follow, max-snippet:-1, max-image-preview:large, max-video-preview:-1\" \/>\n<link rel=\"canonical\" href=\"https:\/\/www.auroralcrown.fi\/de\/\" \/>\n<meta property=\"og:locale\" content=\"de_DE\" \/>\n<meta property=\"og:type\" content=\"article\" \/>\n<meta property=\"og:title\" content=\"Nordlichter - Rentierprogramme - Auroral Crown, Ruka-Kuusamo, Finnland\" \/>\n<meta property=\"og:description\" content=\"Auroral Crown ist ein Dienstleistungsunternehmen im Kuusamo, das sich auf Aktivit\u00e4ten rund um die Nordlichter und Rentiere spezialisiert hat.\" \/>\n<meta property=\"og:url\" content=\"https:\/\/www.auroralcrown.fi\/de\/\" \/>\n<meta property=\"og:site_name\" content=\"Auroral Crown, Ruka-Kuusamo\" \/>\n<meta property=\"article:modified_time\" content=\"2019-01-24T08:06:13+00:00\" \/>\n<meta property=\"og:image\" content=\"https:\/\/www.auroralcrown.fi\/wp-content\/uploads\/2019\/01\/auroralcrown-northernlights5.jpg\" \/>\n\t<meta property=\"og:image:width\" content=\"800\" \/>\n\t<meta property=\"og:image:height\" content=\"533\" \/>\n\t<meta property=\"og:image:type\" content=\"image\/jpeg\" \/>\n<meta name=\"twitter:card\" content=\"summary_large_image\" \/>\n<script type=\"application\/ld+json\" class=\"yoast-schema-graph\">{\"@context\":\"https:\/\/schema.org\",\"@graph\":[{\"@type\":\"WebPage\",\"@id\":\"https:\/\/www.auroralcrown.fi\/de\/\",\"url\":\"https:\/\/www.auroralcrown.fi\/de\/\",\"name\":\"Nordlichter - Rentierprogramme - Auroral Crown, Ruka-Kuusamo, Finnland\",\"isPartOf\":{\"@id\":\"https:\/\/www.auroralcrown.fi\/#website\"},\"primaryImageOfPage\":{\"@id\":\"https:\/\/www.auroralcrown.fi\/de\/#primaryimage\"},\"image\":{\"@id\":\"https:\/\/www.auroralcrown.fi\/de\/#primaryimage\"},\"thumbnailUrl\":\"https:\/\/www.auroralcrown.fi\/wp-content\/uploads\/2019\/01\/auroralcrown-northernlights5.jpg\",\"datePublished\":\"2019-01-08T09:57:56+00:00\",\"dateModified\":\"2019-01-24T08:06:13+00:00\",\"description\":\"Auroral Crown ist ein Dienstleistungsunternehmen im Kuusamo, das sich auf Aktivit\u00e4ten rund um die Nordlichter und Rentiere spezialisiert hat.\",\"breadcrumb\":{\"@id\":\"https:\/\/www.auroralcrown.fi\/de\/#breadcrumb\"},\"inLanguage\":\"de\",\"potentialAction\":[{\"@type\":\"ReadAction\",\"target\":[\"https:\/\/www.auroralcrown.fi\/de\/\"]}]},{\"@type\":\"ImageObject\",\"inLanguage\":\"de\",\"@id\":\"https:\/\/www.auroralcrown.fi\/de\/#primaryimage\",\"url\":\"https:\/\/www.auroralcrown.fi\/wp-content\/uploads\/2019\/01\/auroralcrown-northernlights5.jpg\",\"contentUrl\":\"https:\/\/www.auroralcrown.fi\/wp-content\/uploads\/2019\/01\/auroralcrown-northernlights5.jpg\",\"width\":800,\"height\":533},{\"@type\":\"BreadcrumbList\",\"@id\":\"https:\/\/www.auroralcrown.fi\/de\/#breadcrumb\",\"itemListElement\":[{\"@type\":\"ListItem\",\"position\":1,\"name\":\"Home\",\"item\":\"https:\/\/www.auroralcrown.fi\/de\/\"},{\"@type\":\"ListItem\",\"position\":2,\"name\":\"Nordlichter &#8211; Rentierprogramme\"}]},{\"@type\":\"WebSite\",\"@id\":\"https:\/\/www.auroralcrown.fi\/#website\",\"url\":\"https:\/\/www.auroralcrown.fi\/\",\"name\":\"Auroral Crown, Ruka-Kuusamo\",\"description\":\"Reindeers and auroras\",\"potentialAction\":[{\"@type\":\"SearchAction\",\"target\":{\"@type\":\"EntryPoint\",\"urlTemplate\":\"https:\/\/www.auroralcrown.fi\/?s={search_term_string}\"},\"query-input\":{\"@type\":\"PropertyValueSpecification\",\"valueRequired\":true,\"valueName\":\"search_term_string\"}}],\"inLanguage\":\"de\"}]}<\/script>\n<!-- \/ Yoast SEO plugin. -->","yoast_head_json":{"title":"Nordlichter - Rentierprogramme - Auroral Crown, Ruka-Kuusamo, Finnland","description":"Auroral Crown ist ein Dienstleistungsunternehmen im Kuusamo, das sich auf Aktivit\u00e4ten rund um die Nordlichter und Rentiere spezialisiert hat.","robots":{"index":"index","follow":"follow","max-snippet":"max-snippet:-1","max-image-preview":"max-image-preview:large","max-video-preview":"max-video-preview:-1"},"canonical":"https:\/\/www.auroralcrown.fi\/de\/","og_locale":"de_DE","og_type":"article","og_title":"Nordlichter - Rentierprogramme - Auroral Crown, Ruka-Kuusamo, Finnland","og_description":"Auroral Crown ist ein Dienstleistungsunternehmen im Kuusamo, das sich auf Aktivit\u00e4ten rund um die Nordlichter und Rentiere spezialisiert hat.","og_url":"https:\/\/www.auroralcrown.fi\/de\/","og_site_name":"Auroral Crown, Ruka-Kuusamo","article_modified_time":"2019-01-24T08:06:13+00:00","og_image":[{"width":800,"height":533,"url":"https:\/\/www.auroralcrown.fi\/wp-content\/uploads\/2019\/01\/auroralcrown-northernlights5.jpg","type":"image\/jpeg"}],"twitter_card":"summary_large_image","schema":{"@context":"https:\/\/schema.org","@graph":[{"@type":"WebPage","@id":"https:\/\/www.auroralcrown.fi\/de\/","url":"https:\/\/www.auroralcrown.fi\/de\/","name":"Nordlichter - Rentierprogramme - Auroral Crown, Ruka-Kuusamo, Finnland","isPartOf":{"@id":"https:\/\/www.auroralcrown.fi\/#website"},"primaryImageOfPage":{"@id":"https:\/\/www.auroralcrown.fi\/de\/#primaryimage"},"image":{"@id":"https:\/\/www.auroralcrown.fi\/de\/#primaryimage"},"thumbnailUrl":"https:\/\/www.auroralcrown.fi\/wp-content\/uploads\/2019\/01\/auroralcrown-northernlights5.jpg","datePublished":"2019-01-08T09:57:56+00:00","dateModified":"2019-01-24T08:06:13+00:00","description":"Auroral Crown ist ein Dienstleistungsunternehmen im Kuusamo, das sich auf Aktivit\u00e4ten rund um die Nordlichter und Rentiere spezialisiert hat.","breadcrumb":{"@id":"https:\/\/www.auroralcrown.fi\/de\/#breadcrumb"},"inLanguage":"de","potentialAction":[{"@type":"ReadAction","target":["https:\/\/www.auroralcrown.fi\/de\/"]}]},{"@type":"ImageObject","inLanguage":"de","@id":"https:\/\/www.auroralcrown.fi\/de\/#primaryimage","url":"https:\/\/www.auroralcrown.fi\/wp-content\/uploads\/2019\/01\/auroralcrown-northernlights5.jpg","contentUrl":"https:\/\/www.auroralcrown.fi\/wp-content\/uploads\/2019\/01\/auroralcrown-northernlights5.jpg","width":800,"height":533},{"@type":"BreadcrumbList","@id":"https:\/\/www.auroralcrown.fi\/de\/#breadcrumb","itemListElement":[{"@type":"ListItem","position":1,"name":"Home","item":"https:\/\/www.auroralcrown.fi\/de\/"},{"@type":"ListItem","position":2,"name":"Nordlichter &#8211; Rentierprogramme"}]},{"@type":"WebSite","@id":"https:\/\/www.auroralcrown.fi\/#website","url":"https:\/\/www.auroralcrown.fi\/","name":"Auroral Crown, Ruka-Kuusamo","description":"Reindeers and auroras","potentialAction":[{"@type":"SearchAction","target":{"@type":"EntryPoint","urlTemplate":"https:\/\/www.auroralcrown.fi\/?s={search_term_string}"},"query-input":{"@type":"PropertyValueSpecification","valueRequired":true,"valueName":"search_term_string"}}],"inLanguage":"de"}]}},"_links":{"self":[{"href":"https:\/\/www.auroralcrown.fi\/de\/wp-json\/wp\/v2\/pages\/577","targetHints":{"allow":["GET"]}}],"collection":[{"href":"https:\/\/www.auroralcrown.fi\/de\/wp-json\/wp\/v2\/pages"}],"about":[{"href":"https:\/\/www.auroralcrown.fi\/de\/wp-json\/wp\/v2\/types\/page"}],"author":[{"embeddable":true,"href":"https:\/\/www.auroralcrown.fi\/de\/wp-json\/wp\/v2\/users\/1"}],"replies":[{"embeddable":true,"href":"https:\/\/www.auroralcrown.fi\/de\/wp-json\/wp\/v2\/comments?post=577"}],"version-history":[{"count":7,"href":"https:\/\/www.auroralcrown.fi\/de\/wp-json\/wp\/v2\/pages\/577\/revisions"}],"predecessor-version":[{"id":680,"href":"https:\/\/www.auroralcrown.fi\/de\/wp-json\/wp\/v2\/pages\/577\/revisions\/680"}],"wp:featuredmedia":[{"embeddable":true,"href":"https:\/\/www.auroralcrown.fi\/de\/wp-json\/wp\/v2\/media\/372"}],"wp:attachment":[{"href":"https:\/\/www.auroralcrown.fi\/de\/wp-json\/wp\/v2\/media?parent=577"}],"curies":[{"name":"wp","href":"https:\/\/api.w.org\/{rel}","templated":true}]}}